{"id":3,"date":"2022-12-21T11:46:50","date_gmt":"2022-12-21T11:46:50","guid":{"rendered":"https:\/\/estonianfirewood.ee\/en\/?page_id=3"},"modified":"2023-01-18T11:36:50","modified_gmt":"2023-01-18T11:36:50","slug":"privacypolicy","status":"publish","type":"page","link":"https:\/\/estonianfirewood.ee\/en\/privacypolicy\/","title":{"rendered":"Privacy Policy"},"content":{"rendered":"\n[et_pb_section fb_built=&#8221;1&#8243; admin_label=&#8221;section&#8221; _builder_version=&#8221;4.16&#8243; global_colors_info=&#8221;{}&#8221;][et_pb_row admin_label=&#8221;row&#8221; _builder_version=&#8221;4.16&#8243; background_size=&#8221;initial&#8221; background_position=&#8221;top_left&#8221; background_repeat=&#8221;repeat&#8221; global_colors_info=&#8221;{}&#8221;][et_pb_column type=&#8221;4_4&#8243; _builder_version=&#8221;4.16&#8243; custom_padding=&#8221;|||&#8221; global_colors_info=&#8221;{}&#8221; custom_padding__hover=&#8221;|||&#8221;][et_pb_text admin_label=&#8221;Text&#8221; _builder_version=&#8221;4.19.4&#8243; background_size=&#8221;initial&#8221; background_position=&#8221;top_left&#8221; background_repeat=&#8221;repeat&#8221; global_colors_info=&#8221;{}&#8221;]<!-- divi:paragraph -->\n<h2>Privacy Policy\u00a0<\/h2>\n<p>These privacy policy principles determine how we use and protect information that users provide us when using and visiting the website. We undertake to protect the privacy of users and confirm that we only use user data requested on the website in accordance with the privacy conditions outlined in this document.<\/p>\n<p><strong>Collected personal data<\/strong><br \/>We collect personal data that the user provides to us, for example, when placing an order, contacting customer service or participating in competitions. The personal data collected are, among others, the following:<\/p>\n<ul>\n<li>Name<\/li>\n<li>Date of birth and personal identification number<\/li>\n<li>Contact information, including address, email address and telephone number<\/li>\n<li>Other information relevant to customer surveys, contests, draws and\/or offers<\/li>\n<li>Use of collected personal data and information<\/li>\n<\/ul>\n<p><strong>We use the collected personal data and information for the following purposes:<\/strong><\/p>\n<ul>\n<li>Internal accounting<\/li>\n<li>Creating and managing a customer&#8217;s user account on the website<\/li>\n<li>Processing orders sent through the website<\/li>\n<li>Communication of orders and delivery status<\/li>\n<li>Contacting the user in case of problems with the order or delivery<\/li>\n<li>Responding to user inquiries<\/li>\n<li>Notifying the user about new or changed services<\/li>\n<li>Direct marketing<\/li>\n<li>Notification of winners of contests and draws<\/li>\n<li>Carrying out analyzes for the transmission of offers and information suitable for the user<\/li>\n<li>Sending surveys to provide users with an opportunity to influence and improve our service<\/li>\n<li>Improving service delivery systems<\/li>\n<li>Avoiding Improper use of our services<\/li>\n<li>We keep the user&#8217;s data for as long as it is necessary to fulfill the aforementioned purposes or for the period required by law. Personal data collected after that will be deleted.<\/li>\n<\/ul>\n<p><strong>Security<br \/><\/strong><span style=\"font-size: 14px;\">We ensure the protection of users&#8217; personal data. We have implemented appropriate physical, technological and administrative measures to prevent unauthorized access to or disclosure of personal data. Only authorized persons have access to change and process data.<\/span><\/p>\n<p><strong>Control of personal data<\/strong><br \/>We do not sell or disclose the user&#8217;s personal data to third parties without the consent of the owner of the personal data or a legal obligation.<br \/>The user has the right to request information about the data collected about him at any time. Issuing information about the data collected about him is free of charge for the user. If the personal data is incorrect or irrelevant, the user has the right to request correction or removal of the information. We cannot remove data if it is subject to a legal retention requirement or is necessary to collect contractual claims.<br \/>We may use personal data to provide the user with offers from third parties that we consider interesting for the user. A person can remove himself from the list of recipients of offers at any time by using the option at the end of each letter or by contacting us at <a href=\"info@estonianfirewood.ee\">info@estonianfirewood.ee<\/a>.<\/p>\n<p><strong>Privacy Policy Terms and Changes<\/strong><br \/>We have the right to change the privacy terms if necessary. By using our website, you confirm that you have read these terms and conditions and agree to them. Please visit our website to stay up to date with any changes to the Privacy Policy.<br \/>Please contact us at <a href=\"info@estonianfirewood.ee\">info@estonianfirewood.ee<\/a> with any questions or concerns regarding the privacy policy or data processing.<\/p>\n<h1><span style=\"color: rgba(147, 108, 0, 0.91);\">Terms of use of cookies<\/span><\/h1>\n<p>In order to offer you the best possible user experience on our website, we use cookies.<\/p>\n<p><strong>What is a cookie?<\/strong><br \/>A cookie is a small text file that is saved on your device when you visit a website.<\/p>\n<p><strong>What do we use cookies for?<\/strong><br \/>Thanks to the use of cookies, we can offer a better user experience on the website, for example cookies help remember your previous visits and choices made on the website.<br \/>By using the website, you agree that we use cookies:<br \/>\u2013 to collect usage habits and statistical data;<br \/>\u2013 to remember user preferences and settings;<br \/>\u2013 to present offers and marketing messages more suitable to the user&#8217;s needs;<br \/>\u2013 to collect information necessary for website development;<br \/>\u2013 for logging in, personalizing the page and filling out forms;<br \/>\u2013 for easier sharing of the content on the page on social media;<br \/>\u2013 to provide content (Facebook, Google).<\/p>\n<p><strong>What type of cookies do we use?<\/strong><\/p>\n<p><strong><em>Session cookies<\/em><\/strong><br \/>Session cookies, or temporary cookies &#8211; are used every time you visit our website and are deleted after closing the web browser. Temporary cookies are used, for example, to remember the language selection of the website, the contents of the shopping cart.<\/p>\n<p><em><strong>Persistent cookies<\/strong><\/em><br \/>Persistent cookies remain on the user&#8217;s device even after closing the website. Persistent cookies have different expiration periods and some of them remain on the user&#8217;s device for days, months or even years. Persistent cookies are used, for example, to remember the user&#8217;s preferences and to save the username and password so that the user does not have to log in again with each visit.<\/p>\n<p><em><strong>Third-party cookies:<\/strong><\/em><br \/>Our page uses third-party cookies for the purpose of providing higher quality content, collecting statistics and displaying advertisements. You can read the privacy policies and terms of third parties on the cookie manufacturer&#8217;s page.<\/p>\n<p><strong><em>List of third-party cookies:<\/em><\/strong><br \/>\u2013 You can find out the conditions of Facebook cookies: https:\/\/www.facebook.com\/policies\/cookies\/<br \/>\u2013 You can read the terms of Google cookies: https:\/\/www.google.com\/policies\/technologies\/cookies\/<\/p>\n<p><strong>How to limit the use of cookies and delete them?<\/strong><br \/>The user can delete the cookies stored on the device and proactively prevent cookies from being stored on his device. To do this, the user needs to change the privacy settings of the web browser.<br \/>More detailed instructions can be found in the user manual of the web browser.<\/p>\n<p>&nbsp;<\/p>\n<p>NB! if cookies are blocked, we cannot guarantee the correct functioning of the website.<\/p>\n<p>More information about cookies can be found on the website: <a href=\"http:\/\/www.allaboutcookies.org\/\">http:\/\/www.allaboutcookies.org\/<\/a> or <a href=\"http:\/\/www.youronlinechoices.com\/ee\/\">http:\/\/www.youronlinechoices.com\/ee\/<\/a><\/p>\n<p>Approved by the board of Stykel O\u00dc on 12.01.2023.<\/p>\n<!-- \/divi:paragraph -->[\/et_pb_text][\/et_pb_column][\/et_pb_row][\/et_pb_section]\n","protected":false},"excerpt":{"rendered":"<p>Privacy Policy\u00a0 These privacy policy principles determine how we use and protect information that users provide us when using and visiting the website. We undertake to protect the privacy of users and confirm that we only use user data requested on the website in accordance with the privacy conditions outlined in this document. Collected personal [&hellip;]<\/p>\n","protected":false},"author":1,"featured_media":0,"parent":0,"menu_order":0,"comment_status":"closed","ping_status":"open","template":"","meta":{"_et_pb_use_builder":"on","_et_pb_old_content":"<!-- wp:paragraph -->\n<p>&nbsp;K\u00e4esolevad privaatsuspoliitika p\u00f5him\u00f5tted panevad paika, kuidas me kasutame ja kaitsema informatsiooni, mida kasutajad edastavad meile veebilehe kasutamisel. Me kohustume kaitsma kasutajate privaatsust ja kinnitame, et veebilehel k\u00fcsitud kasutaja andmeid kasutame \u00fcksnes koosk\u00f5las k\u00e4esolevate privaatsustingimustega.<\/p>\n<!-- \/wp:paragraph -->\n\n<!-- wp:paragraph -->\n<p><strong>Vastutus kogutavate isikuandmete eest<br><\/strong>Kasutaja edastatud isikuandmete kogumise ja kontrollimise eest vastutab Eesti \u00e4ri\u00fching Stykel O\u00dc. Isikuandmete kogumisel ja kontrollimisel l\u00e4htume Eesti isikuandmete kaitse seadusest ja Euroopa Parlamendi ja N\u00f5ukogu direktiivist 95\/46\/E\u00dc \u00fcksikisikute kaitse kohta isikuandmete t\u00f6\u00f6tlemisel ja selliste andmete vaba liikumise kohta.<\/p>\n<!-- \/wp:paragraph -->\n\n<!-- wp:paragraph -->\n<p><strong>Kogutavad isikuandmed<br><\/strong>Me kogume isikuandmeid, mida kasutaja edastab meile n\u00e4iteks tellimust tehes, kontakteerudes klienditeenindusega v\u00f5i osaledes v\u00f5istlustel.<br>Kogutavad isikuandmed on muuhulgas j\u00e4rgmised:<\/p>\n<!-- \/wp:paragraph -->\n\n<!-- wp:list -->\n<ul><!-- wp:list-item -->\n<li>Nimi<\/li>\n<!-- \/wp:list-item -->\n\n<!-- wp:list-item -->\n<li>S\u00fcnniaeg ja isikukood<\/li>\n<!-- \/wp:list-item -->\n\n<!-- wp:list-item -->\n<li>Kontaktinformatsioon, sealhulgas aadress, e-maili aadress ja telefoninumber<\/li>\n<!-- \/wp:list-item -->\n\n<!-- wp:list-item -->\n<li>Muu informatsioon, mis on oluline kliendik\u00fcsitluste, v\u00f5istluste, loosimiste ja\/v\u00f5i pakkumistega seoses<\/li>\n<!-- \/wp:list-item -->\n\n<!-- wp:list-item -->\n<li>Kogutavate isikuandmete ja informatsiooni kasutamine<\/li>\n<!-- \/wp:list-item --><\/ul>\n<!-- \/wp:list -->\n\n<!-- wp:paragraph -->\n<p><strong>Kogutud isikuandmeid ja informatsiooni kasutame j\u00e4rgmistel eesm\u00e4rkidel:<\/strong><strong><\/strong><\/p>\n<!-- \/wp:paragraph -->\n\n<!-- wp:list -->\n<ul><!-- wp:list-item -->\n<li>Asutusesisene arvepidamine<\/li>\n<!-- \/wp:list-item -->\n\n<!-- wp:list-item -->\n<li>Veebilehel kliendi kasutajakonto loomine ja haldamine<\/li>\n<!-- \/wp:list-item -->\n\n<!-- wp:list-item -->\n<li>L\u00e4bi kodulehe edastatud tellimuste t\u00f6\u00f6tlemine<\/li>\n<!-- \/wp:list-item -->\n\n<!-- wp:list-item -->\n<li>Kursustel osalejate ja l\u00f5petajate informatsiooni edastamisel Transpordiametis<\/li>\n<!-- \/wp:list-item -->\n\n<!-- wp:list-item -->\n<li>Tellimuste ja kohaletoimetamise staatuse edastamine<\/li>\n<!-- \/wp:list-item -->\n\n<!-- wp:list-item -->\n<li>Kasutajaga tellimuse v\u00f5i kohaletoimetamise probleemide ilmnemisel kontakteerumine<\/li>\n<!-- \/wp:list-item -->\n\n<!-- wp:list-item -->\n<li>Kasutaja p\u00e4ringutele vastamine<\/li>\n<!-- \/wp:list-item -->\n\n<!-- wp:list-item -->\n<li>Kasutaja teavitamine uutest v\u00f5i muutunud teenustest<\/li>\n<!-- \/wp:list-item -->\n\n<!-- wp:list-item -->\n<li>Otseturundus<\/li>\n<!-- \/wp:list-item -->\n\n<!-- wp:list-item -->\n<li>V\u00f5istluste ja loosimiste v\u00f5itjate teavitamine<\/li>\n<!-- \/wp:list-item -->\n\n<!-- wp:list-item -->\n<li>Kasutajale sobivate pakkumiste ja infomatsiooni edastamiseks tehtavate anal\u00fc\u00fcside teostamine<\/li>\n<!-- \/wp:list-item -->\n\n<!-- wp:list-item -->\n<li>K\u00fcsitluste edastamine, et pakkuda kasutajatele v\u00f5imalus m\u00f5jutada ja parendada meie teenust<\/li>\n<!-- \/wp:list-item -->\n\n<!-- wp:list-item -->\n<li>Teenuse pakkumise s\u00fcsteemide parendamine<\/li>\n<!-- \/wp:list-item -->\n\n<!-- wp:list-item -->\n<li>Meie teenuse eba\u00f5ige kasutamise v\u00e4ltimine<\/li>\n<!-- \/wp:list-item -->\n\n<!-- wp:list-item -->\n<li>Me hoiame kasutaja andmeid nii kaua, kui on vajalik eeltoodud eesm\u00e4rkide t\u00e4itmiseks v\u00f5i seaduses n\u00f5utud perioodi. P\u00e4rast seda kogutud isikuandmed kustutatakse.<\/li>\n<!-- \/wp:list-item --><\/ul>\n<!-- \/wp:list -->\n\n<!-- wp:paragraph -->\n<p><strong>Turvalisus<br><\/strong>Me tagame kasutajate isikuandmete kaitse. Isikuandmetele lubamatu juurdep\u00e4\u00e4su v\u00f5i isikuandmete avalikustamise v\u00e4ltimiseks oleme v\u00f5tnud kasutusele sobivad f\u00fc\u00fcsilised, tehnoloogilised ja administratiivsed meetmed. Juurdep\u00e4\u00e4s andmete muutmiseks ja t\u00f6\u00f6tlemiseks on ainult selleks volitatud isikutel.<\/p>\n<!-- \/wp:paragraph -->\n\n<!-- wp:paragraph -->\n<p><strong>Isikuandmete kontroll<br><\/strong>Me ei m\u00fc\u00fc ega avalikusta kasutaja isikuandmeid kolmandatele isikutele ilma isikuandmete omaniku n\u00f5usolekuta v\u00f5i seadusest tuleneva kohustuseta.<br>Kasutajal on \u00f5igus igal ajal paluda informatsiooni tema kohta kogutud andmete suhtes. Tema kohta kogutud andmete informatsiooni v\u00e4ljastamine on kasutajale tasuta. Kui isikuandmed on valed v\u00f5i ebaolulised, on kasutajal \u00f5igus paluda informatsiooni korrigeerimist v\u00f5i eemaldamist. Me ei saa eemaldada andmeid, kui neile kehtib seadusj\u00e4rgne hoiustamise n\u00f5ue v\u00f5i need on vajalikud lepingust tulenevate n\u00f5uete sissen\u00f5udmiseks.<br>Me v\u00f5ime kasutada isikuandmeid edastamaks kasutajale kolmandate osapoolte pakkumisi, mida me peame kasutaja jaoks huvitavaks. Isikul on v\u00f5imalik ennast igal ajal pakkumiste saajate nimekirjast eemaldada kasutades iga kirja l\u00f5pus olevat v\u00f5imalust v\u00f5i v\u00f5ttes meiega \u00fchendust emailil&nbsp;<a href=\"mailto:info@estonianfirewood.ee\" data-type=\"mailto\" data-id=\"mailto:info@estonianfirewood.ee\">info@estonianfirewood.ee.<\/a><\/p>\n<!-- \/wp:paragraph -->\n\n<!-- wp:paragraph -->\n<p><strong>Privaatsuspoliitika tingimused ja muudatused<br><\/strong>Meil on \u00f5igus vajadusel privaatsustingimusi muuta. Meie veebilehte kasutades kinnitate, et olete k\u00e4esolevate tingimustega tutvunud ning n\u00f5ustute nendega. Privaatsustingimustes tehtud muudatustega kursis olemiseks palume k\u00fclastada meie veebilehte.<br>K\u00f5igi seoses privaatsuspoliitika v\u00f5i andmet\u00f6\u00f6tluse kohta tekkivate k\u00fcsimuste v\u00f5i muredega palume v\u00f5tta meiega \u00fchendust aadressil&nbsp;<a href=\"mailto:info@estonianfirewood.ee\" data-type=\"mailto\" data-id=\"mailto:info@estonianfirewood.ee\">info@estonianfirewood.ee<\/a>.<\/p>\n<!-- \/wp:paragraph -->\n\n<!-- wp:heading {\"level\":3} -->\n<h3>K\u00fcpsiste kasutamise tingimused<\/h3>\n<!-- \/wp:heading -->\n\n<!-- wp:paragraph -->\n<p>Selleks, et pakkuda Sulle parimat v\u00f5imalikku kasutuskogemust meie veebilehel, kasutame me k\u00fcpsiseid.<\/p>\n<!-- \/wp:paragraph -->\n\n<!-- wp:paragraph -->\n<p><strong>Mis on k\u00fcpsis?<br><\/strong>K\u00fcpsis (cookie) on v\u00e4ike tekstifail, mis salvestatakse veeblehte k\u00fclastades Sinu seadmesse.<\/p>\n<!-- \/wp:paragraph -->\n\n<!-- wp:paragraph -->\n<p><strong>Milleks me k\u00fcpsiseid kasutame?&nbsp;<\/strong><br>T\u00e4nu k\u00fcpsiste kasutamisele saame pakkuda paremat kasutuskogemust veebilehel, n\u00e4iteks aitavad k\u00fcpsised meelde j\u00e4tta sinu varasemaid k\u00fclastusi ja veebilehel tehtud valikuid.<br>Veebilehte kasutades n\u00f5ustud sellega, et kasutame k\u00fcpsiseid:<br>\u2013 kasutusharjumuste ja statistiliste andmete kogumiseks;<br>\u2013 kasutaja eelistuste ja seadistuste meelde j\u00e4tmiseks;<br>\u2013 kasutaja vajadustele sobivamate pakkumiste ja turundusteadete esitamiseks;<br>\u2013 veebilehe arendamiseks vajaliku teabe kogumiseks;<br>\u2013 sisse logimiseks, lehe isikustamiseks ja vormide t\u00e4itmiseks;<br>\u2013 lehel oleva sisu lihtsamaks jagamiseks sotsiaalmeedias;<br>\u2013 sisu pakkumiseks (Facebook, Google).<\/p>\n<!-- \/wp:paragraph -->\n\n<!-- wp:paragraph -->\n<p><strong>Mis t\u00fc\u00fcpi k\u00fcpsiseid kasutame?<\/strong><\/p>\n<!-- \/wp:paragraph -->\n\n<!-- wp:paragraph -->\n<p><em><strong>Sessioonik\u00fcpsised<\/strong><\/em><br>Sessioonik\u00fcpsiseid ehk ajutised k\u00fcpsised \u2013 kasutatakse iga kord, kui meie veebilehte k\u00fclastad ja need kustutatakse p\u00e4rast veebilehitseja sulgemist. Ajutisi k\u00fcpsiseid kasutatakse n\u00e4iteks v\u00f5rgulehe keelevaliku, ostukorvi sisu meelde j\u00e4tmiseks.<\/p>\n<!-- \/wp:paragraph -->\n\n<!-- wp:paragraph -->\n<p><em><strong>P\u00fcsivad k\u00fcpsised<\/strong><\/em><br>P\u00fcsivad k\u00fcpsised j\u00e4\u00e4vad kasutaja seadmesse alles ka p\u00e4rast veebilehe sulgemist. P\u00fcsivatel k\u00fcpsistel on erinev aegumisperiood ning m\u00f5ned neist j\u00e4\u00e4vad kasutaja seadmesse p\u00e4evadeks, kuudeks v\u00f5i isegi aastateks. P\u00fcsivaid k\u00fcpsiseid kasutatakse n\u00e4iteks kasutaja eelistuste meelde j\u00e4tmiseks ning kasutajanime ja parooli salvestamiseks, et kasutaja ei peaks iga k\u00fclastusega uuesti sisse logima.<\/p>\n<!-- \/wp:paragraph -->\n\n<!-- wp:paragraph -->\n<p><em><strong>Kolmandate osapoolte k\u00fcpsised:<\/strong><\/em><br>Meie lehel kasutatakse kvaliteetsema sisu pakkumise, statistika kogumise ja reklaamide n\u00e4itamise eesm\u00e4rgil kolmandate osapoolte k\u00fcpsiseid. Kolmandate osapoolte privaatsuspoliitika ja tingimustega saate tutvuda k\u00fcpsise tootja lehel.<\/p>\n<!-- \/wp:paragraph -->\n\n<!-- wp:paragraph -->\n<p>Kolmandate osapoolte k\u00fcpsiste nimekiri:<br>\u2013 Facebooki k\u00fcpsiste tingimustega saad tutvuda:&nbsp;<a href=\"https:\/\/www.facebook.com\/policies\/cookies\/\" target=\"_blank\" rel=\"noreferrer noopener\">https:\/\/www.facebook.<wbr>com\/policies\/cookies\/<\/a><br>\u2013 Google\u2019i k\u00fcpsiste tingimustega saad tutvuda:&nbsp;<a href=\"https:\/\/www.google.com\/policies\/technologies\/cookies\/\" target=\"_blank\" rel=\"noreferrer noopener\">https:\/\/www.google.<wbr>com\/policies\/technologies\/<wbr>cookies\/<\/a><\/p>\n<!-- \/wp:paragraph -->\n\n<!-- wp:paragraph -->\n<p><strong>Kuidas k\u00fcpsiste kasutamist piirata ja neid kustutada?<\/strong><br>Kasutaja saab kustutada seadmesse salvestatud k\u00fcpsised ja ennetavalt v\u00e4ltida k\u00fcpsiste salvestamist tema seadmesse. Selleks tuleb kasutajal muuta veebilehitseja privaatsusseadeid.<br>T\u00e4psemalt juhised leiab veebilehitseja kasutusjuhendist.<\/p>\n<!-- \/wp:paragraph -->\n\n<!-- wp:paragraph -->\n<p>NB! k\u00fcpsiste blokeerimise korral ei saa me tagada kodulehe korrektset toimimist.<\/p>\n<!-- \/wp:paragraph -->\n\n<!-- wp:paragraph -->\n<p>K\u00fcpsiste kohta saab rohkem teavet veebilehelt:&nbsp;<a href=\"http:\/\/www.allaboutcookies.org\/\" target=\"_blank\" rel=\"noreferrer noopener\">http:\/\/www.<wbr>allaboutcookies.org\/<\/a>&nbsp;v\u00f5i&nbsp;<a href=\"http:\/\/www.youronlinechoices.com\/ee\/\" target=\"_blank\" rel=\"noreferrer noopener\">http:<wbr>\/\/www.youronlinechoices.com\/<wbr>ee\/&nbsp;<\/a><\/p>\n<!-- \/wp:paragraph -->\n\n<!-- wp:paragraph -->\n<p>Kinnitatud Stykel O\u00dc juhatuse poolt 12.01.2023.<\/p>\n<!-- \/wp:paragraph -->","_et_gb_content_width":"","footnotes":""},"class_list":["post-3","page","type-page","status-publish","hentry"],"yoast_head":"<!-- This site is optimized with the Yoast SEO plugin v19.14 - https:\/\/yoast.com\/wordpress\/plugins\/seo\/ -->\n<title>Privacy Policy - Estonian Firewood<\/title>\n<meta name=\"robots\" content=\"index, follow, max-snippet:-1, max-image-preview:large, max-video-preview:-1\" \/>\n<link rel=\"canonical\" href=\"https:\/\/estonianfirewood.ee\/en\/privacypolicy\/\" \/>\n<meta property=\"og:locale\" content=\"en_US\" \/>\n<meta property=\"og:type\" content=\"article\" \/>\n<meta property=\"og:title\" content=\"Privacy Policy - Estonian Firewood\" \/>\n<meta property=\"og:description\" content=\"Privacy Policy\u00a0 These privacy policy principles determine how we use and protect information that users provide us when using and visiting the website. We undertake to protect the privacy of users and confirm that we only use user data requested on the website in accordance with the privacy conditions outlined in this document. Collected personal [&hellip;]\" \/>\n<meta property=\"og:url\" content=\"https:\/\/estonianfirewood.ee\/en\/privacypolicy\/\" \/>\n<meta property=\"og:site_name\" content=\"Estonian Firewood\" \/>\n<meta property=\"article:publisher\" content=\"https:\/\/www.facebook.com\/ParnuKuttekontor\" \/>\n<meta property=\"article:modified_time\" content=\"2023-01-18T11:36:50+00:00\" \/>\n<meta name=\"twitter:card\" content=\"summary_large_image\" \/>\n<meta name=\"twitter:label1\" content=\"Est. reading time\" \/>\n\t<meta name=\"twitter:data1\" content=\"5 minutes\" \/>\n<script type=\"application\/ld+json\" class=\"yoast-schema-graph\">{\"@context\":\"https:\/\/schema.org\",\"@graph\":[{\"@type\":\"WebPage\",\"@id\":\"https:\/\/estonianfirewood.ee\/en\/privacypolicy\/\",\"url\":\"https:\/\/estonianfirewood.ee\/en\/privacypolicy\/\",\"name\":\"Privacy Policy - Estonian Firewood\",\"isPartOf\":{\"@id\":\"https:\/\/estonianfirewood.ee\/en\/#website\"},\"datePublished\":\"2022-12-21T11:46:50+00:00\",\"dateModified\":\"2023-01-18T11:36:50+00:00\",\"breadcrumb\":{\"@id\":\"https:\/\/estonianfirewood.ee\/en\/privacypolicy\/#breadcrumb\"},\"inLanguage\":\"en\",\"potentialAction\":[{\"@type\":\"ReadAction\",\"target\":[\"https:\/\/estonianfirewood.ee\/en\/privacypolicy\/\"]}]},{\"@type\":\"BreadcrumbList\",\"@id\":\"https:\/\/estonianfirewood.ee\/en\/privacypolicy\/#breadcrumb\",\"itemListElement\":[{\"@type\":\"ListItem\",\"position\":1,\"name\":\"Home\",\"item\":\"https:\/\/estonianfirewood.ee\/en\/\"},{\"@type\":\"ListItem\",\"position\":2,\"name\":\"Privacy Policy\"}]},{\"@type\":\"WebSite\",\"@id\":\"https:\/\/estonianfirewood.ee\/en\/#website\",\"url\":\"https:\/\/estonianfirewood.ee\/en\/\",\"name\":\"Estonian Firewood\",\"description\":\"Packed firewood\",\"publisher\":{\"@id\":\"https:\/\/estonianfirewood.ee\/en\/#organization\"},\"potentialAction\":[{\"@type\":\"SearchAction\",\"target\":{\"@type\":\"EntryPoint\",\"urlTemplate\":\"https:\/\/estonianfirewood.ee\/en\/?s={search_term_string}\"},\"query-input\":\"required name=search_term_string\"}],\"inLanguage\":\"en\"},{\"@type\":\"Organization\",\"@id\":\"https:\/\/estonianfirewood.ee\/en\/#organization\",\"name\":\"Estonian Firewood\",\"url\":\"https:\/\/estonianfirewood.ee\/en\/\",\"logo\":{\"@type\":\"ImageObject\",\"inLanguage\":\"en\",\"@id\":\"https:\/\/estonianfirewood.ee\/en\/#\/schema\/logo\/image\/\",\"url\":\"https:\/\/estonianfirewood.ee\/en\/wp-content\/uploads\/2023\/01\/cropped-Stykel-Logo-v5.png\",\"contentUrl\":\"https:\/\/estonianfirewood.ee\/en\/wp-content\/uploads\/2023\/01\/cropped-Stykel-Logo-v5.png\",\"width\":512,\"height\":512,\"caption\":\"Estonian Firewood\"},\"image\":{\"@id\":\"https:\/\/estonianfirewood.ee\/en\/#\/schema\/logo\/image\/\"},\"sameAs\":[\"https:\/\/www.facebook.com\/ParnuKuttekontor\"]}]}<\/script>\n<!-- \/ Yoast SEO plugin. -->","yoast_head_json":{"title":"Privacy Policy - Estonian Firewood","robots":{"index":"index","follow":"follow","max-snippet":"max-snippet:-1","max-image-preview":"max-image-preview:large","max-video-preview":"max-video-preview:-1"},"canonical":"https:\/\/estonianfirewood.ee\/en\/privacypolicy\/","og_locale":"en_US","og_type":"article","og_title":"Privacy Policy - Estonian Firewood","og_description":"Privacy Policy\u00a0 These privacy policy principles determine how we use and protect information that users provide us when using and visiting the website. We undertake to protect the privacy of users and confirm that we only use user data requested on the website in accordance with the privacy conditions outlined in this document. Collected personal [&hellip;]","og_url":"https:\/\/estonianfirewood.ee\/en\/privacypolicy\/","og_site_name":"Estonian Firewood","article_publisher":"https:\/\/www.facebook.com\/ParnuKuttekontor","article_modified_time":"2023-01-18T11:36:50+00:00","twitter_card":"summary_large_image","twitter_misc":{"Est. reading time":"5 minutes"},"schema":{"@context":"https:\/\/schema.org","@graph":[{"@type":"WebPage","@id":"https:\/\/estonianfirewood.ee\/en\/privacypolicy\/","url":"https:\/\/estonianfirewood.ee\/en\/privacypolicy\/","name":"Privacy Policy - Estonian Firewood","isPartOf":{"@id":"https:\/\/estonianfirewood.ee\/en\/#website"},"datePublished":"2022-12-21T11:46:50+00:00","dateModified":"2023-01-18T11:36:50+00:00","breadcrumb":{"@id":"https:\/\/estonianfirewood.ee\/en\/privacypolicy\/#breadcrumb"},"inLanguage":"en","potentialAction":[{"@type":"ReadAction","target":["https:\/\/estonianfirewood.ee\/en\/privacypolicy\/"]}]},{"@type":"BreadcrumbList","@id":"https:\/\/estonianfirewood.ee\/en\/privacypolicy\/#breadcrumb","itemListElement":[{"@type":"ListItem","position":1,"name":"Home","item":"https:\/\/estonianfirewood.ee\/en\/"},{"@type":"ListItem","position":2,"name":"Privacy Policy"}]},{"@type":"WebSite","@id":"https:\/\/estonianfirewood.ee\/en\/#website","url":"https:\/\/estonianfirewood.ee\/en\/","name":"Estonian Firewood","description":"Packed firewood","publisher":{"@id":"https:\/\/estonianfirewood.ee\/en\/#organization"},"potentialAction":[{"@type":"SearchAction","target":{"@type":"EntryPoint","urlTemplate":"https:\/\/estonianfirewood.ee\/en\/?s={search_term_string}"},"query-input":"required name=search_term_string"}],"inLanguage":"en"},{"@type":"Organization","@id":"https:\/\/estonianfirewood.ee\/en\/#organization","name":"Estonian Firewood","url":"https:\/\/estonianfirewood.ee\/en\/","logo":{"@type":"ImageObject","inLanguage":"en","@id":"https:\/\/estonianfirewood.ee\/en\/#\/schema\/logo\/image\/","url":"https:\/\/estonianfirewood.ee\/en\/wp-content\/uploads\/2023\/01\/cropped-Stykel-Logo-v5.png","contentUrl":"https:\/\/estonianfirewood.ee\/en\/wp-content\/uploads\/2023\/01\/cropped-Stykel-Logo-v5.png","width":512,"height":512,"caption":"Estonian Firewood"},"image":{"@id":"https:\/\/estonianfirewood.ee\/en\/#\/schema\/logo\/image\/"},"sameAs":["https:\/\/www.facebook.com\/ParnuKuttekontor"]}]}},"_links":{"self":[{"href":"https:\/\/estonianfirewood.ee\/en\/wp-json\/wp\/v2\/pages\/3","targetHints":{"allow":["GET"]}}],"collection":[{"href":"https:\/\/estonianfirewood.ee\/en\/wp-json\/wp\/v2\/pages"}],"about":[{"href":"https:\/\/estonianfirewood.ee\/en\/wp-json\/wp\/v2\/types\/page"}],"author":[{"embeddable":true,"href":"https:\/\/estonianfirewood.ee\/en\/wp-json\/wp\/v2\/users\/1"}],"replies":[{"embeddable":true,"href":"https:\/\/estonianfirewood.ee\/en\/wp-json\/wp\/v2\/comments?post=3"}],"version-history":[{"count":7,"href":"https:\/\/estonianfirewood.ee\/en\/wp-json\/wp\/v2\/pages\/3\/revisions"}],"predecessor-version":[{"id":507,"href":"https:\/\/estonianfirewood.ee\/en\/wp-json\/wp\/v2\/pages\/3\/revisions\/507"}],"wp:attachment":[{"href":"https:\/\/estonianfirewood.ee\/en\/wp-json\/wp\/v2\/media?parent=3"}],"curies":[{"name":"wp","href":"https:\/\/api.w.org\/{rel}","templated":true}]}}